{"id":11,"date":"2024-12-08T13:19:53","date_gmt":"2024-12-08T12:19:53","guid":{"rendered":"https:\/\/olimpiahanspol.pl\/?page_id=11"},"modified":"2025-10-10T13:18:09","modified_gmt":"2025-10-10T11:18:09","slug":"olimpia-hanspol","status":"publish","type":"page","link":"https:\/\/olimpiahanspol.pl\/","title":{"rendered":"O mnie"},"content":{"rendered":"\t\t<div data-elementor-type=\"wp-page\" data-elementor-id=\"11\" class=\"elementor elementor-11\">\n\t\t\t\t<div class=\"elementor-element elementor-element-58c8aeb5 e-flex e-con-boxed e-con e-parent\" data-id=\"58c8aeb5\" data-element_type=\"container\" data-e-type=\"container\">\n\t\t\t\t\t<div class=\"e-con-inner\">\n\t\t\t\t<div class=\"elementor-element elementor-element-30bc0759 elementor-widget elementor-widget-text-editor\" data-id=\"30bc0759\" data-element_type=\"widget\" data-e-type=\"widget\" data-widget_type=\"text-editor.default\">\n\t\t\t\t<div class=\"elementor-widget-container\">\n\t\t\t\t\t\t\t\t\t<p>Cze\u015b\u0107, mi\u0142o Ci\u0119 tu go\u015bci\u0107!<\/p>\n<p>Opalaniem natryskowym zajmuj\u0119 si\u0119 od 17 lat\u00a0\u2013 to co\u015b, co naprawd\u0119 kocham. Przez te lata przekona\u0142am wiele os\u00f3b, \u017ce pi\u0119kna opalenizna nie musi mie\u0107 nic wsp\u00f3lnego ze s\u0142o\u0144cem, solarium czy tym nieszcz\u0119snym \u201epomara\u0144czowym\u201d efektem.<\/p>\n<p>Od pocz\u0105tku stawiam na\u00a0jako\u015b\u0107 i bezpiecze\u0144stwo. Pracuj\u0119 wy\u0142\u0105cznie na najwy\u017cszej jako\u015bci\u00a0produktach, kt\u00f3re s\u0105 delikatne nawet dla\u00a0najbardziej wra\u017cliwej sk\u00f3ry\u00a0\u2013 r\u00f3wnie\u017c przy alergiach czy AZS. Wiem, jak wa\u017cny jest komfort i zaufanie, dlatego zawsze robi\u0119 wszystko, \u017ceby\u015b po zabiegu czu\u0142a si\u0119 po prostu dobrze \u2013 ze sob\u0105 i w swojej sk\u00f3rze.<\/p>\n<p>Zabieg wykonuj\u0119\u00a0u Ciebie w domu, w\u00a0przeno\u015bnej kabinie, kt\u00f3ra chroni przestrze\u0144 przed zabrudzeniem. Ca\u0142o\u015b\u0107 trwa oko\u0142o\u00a030 minut\u00a0\u2013 i to wystarczy, \u017ceby\u015b zyska\u0142a pi\u0119kn\u0105,\u00a0r\u00f3wnomiern\u0105, naturaln\u0105 opalenizn\u0119, dopasowan\u0105 do Twojej karnacji, okazji i nastroju.<\/p>\n<p>Nie ma znaczenia, czy przygotowujesz si\u0119 do\u00a0\u015blubu, wa\u017cnej imprezy, sesji zdj\u0119ciowej, czy po prostu chcesz doda\u0107 sobie blasku na co dzie\u0144 \u2013 jestem tu po to, by\u015b mog\u0142a poczu\u0107 si\u0119\u00a0pi\u0119knie i pewnie, bez wychodzenia z domu.<\/p>\n<p>Bo dla mnie opalanie natryskowe to co\u015b wi\u0119cej ni\u017c zabieg \u2013 to\u00a0chwila dla Ciebie, w kt\u00f3rej mo\u017cesz si\u0119 zatrzyma\u0107, odetchn\u0105\u0107 i przypomnie\u0107 sobie, jak dobrze jest czu\u0107 si\u0119 we w\u0142asnej sk\u00f3rze.\u00a0<img decoding=\"async\" class=\"an1\" draggable=\"false\" src=\"https:\/\/fonts.gstatic.com\/s\/e\/notoemoji\/16.0\/1f90e\/72.png\" alt=\"\ud83e\udd0e\" width=\"19\" height=\"19\" data-emoji=\"\ud83e\udd0e\" aria-label=\"\ud83e\udd0e\" \/><\/p>\n<p><!-- \/wp:paragraph --><\/p>\t\t\t\t\t\t\t\t<\/div>\n\t\t\t\t<\/div>\n\t\t\t\t\t<\/div>\n\t\t\t\t<\/div>\n\t\t\t\t<\/div>\n\t\t","protected":false},"excerpt":{"rendered":"<p>Cze\u015b\u0107, mi\u0142o Ci\u0119 tu go\u015bci\u0107! Opalaniem natryskowym zajmuj\u0119 si\u0119 od 17 lat\u00a0\u2013 to co\u015b, co naprawd\u0119 kocham. Przez te lata przekona\u0142am wiele os\u00f3b, \u017ce pi\u0119kna opalenizna nie musi mie\u0107 nic wsp\u00f3lnego ze s\u0142o\u0144cem, solarium czy tym nieszcz\u0119snym \u201epomara\u0144czowym\u201d efektem. Od pocz\u0105tku stawiam na\u00a0jako\u015b\u0107 i bezpiecze\u0144stwo. Pracuj\u0119 wy\u0142\u0105cznie na najwy\u017cszej jako\u015bci\u00a0produktach, kt\u00f3re s\u0105 delikatne nawet dla\u00a0najbardziej &hellip; <\/p>\n<p class=\"link-more\"><a href=\"https:\/\/olimpiahanspol.pl\/\" class=\"more-link\">Czytaj dalej<span class=\"screen-reader-text\"> \u201eO mnie\u201d<\/span><\/a><\/p>\n","protected":false},"author":1,"featured_media":0,"parent":0,"menu_order":0,"comment_status":"closed","ping_status":"closed","template":"","meta":{"footnotes":""},"class_list":["post-11","page","type-page","status-publish","hentry"],"jetpack_sharing_enabled":true,"_links":{"self":[{"href":"https:\/\/olimpiahanspol.pl\/index.php?rest_route=\/wp\/v2\/pages\/11","targetHints":{"allow":["GET"]}}],"collection":[{"href":"https:\/\/olimpiahanspol.pl\/index.php?rest_route=\/wp\/v2\/pages"}],"about":[{"href":"https:\/\/olimpiahanspol.pl\/index.php?rest_route=\/wp\/v2\/types\/page"}],"author":[{"embeddable":true,"href":"https:\/\/olimpiahanspol.pl\/index.php?rest_route=\/wp\/v2\/users\/1"}],"replies":[{"embeddable":true,"href":"https:\/\/olimpiahanspol.pl\/index.php?rest_route=%2Fwp%2Fv2%2Fcomments&post=11"}],"version-history":[{"count":14,"href":"https:\/\/olimpiahanspol.pl\/index.php?rest_route=\/wp\/v2\/pages\/11\/revisions"}],"predecessor-version":[{"id":154,"href":"https:\/\/olimpiahanspol.pl\/index.php?rest_route=\/wp\/v2\/pages\/11\/revisions\/154"}],"wp:attachment":[{"href":"https:\/\/olimpiahanspol.pl\/index.php?rest_route=%2Fwp%2Fv2%2Fmedia&parent=11"}],"curies":[{"name":"wp","href":"https:\/\/api.w.org\/{rel}","templated":true}]}}